{"id":390,"date":"2018-03-14T17:08:06","date_gmt":"2018-03-14T17:08:06","guid":{"rendered":"http:\/\/demo.devclick.uk\/edaps\/?page_id=10"},"modified":"2019-04-14T17:32:21","modified_gmt":"2019-04-14T15:32:21","slug":"a_propos","status":"publish","type":"page","link":"https:\/\/prest-atlantic.com\/index.php\/a_propos\/","title":{"rendered":"A propos"},"content":{"rendered":"<div id=\"pl-390\"  class=\"panel-layout\" ><div id=\"pg-390-0\"  class=\"panel-grid panel-has-style\" ><div data-overlay-color=\"#000000\" class=\"panel-row-style panel-row-style-for-390-0\" ><div id=\"pgc-390-0-0\"  class=\"panel-grid-cell\" ><div id=\"panel-390-0-0-0\" class=\"so-panel widget widget_black-studio-tinymce widget_black_studio_tinymce panel-first-child panel-last-child\" data-index=\"0\" ><div data-widget-overlay-color=\"#000000\" class=\"panel-widget-style panel-widget-style-for-390-0-0-0\" ><div class=\"textwidget\"><p>&nbsp;<\/p>\n<p><img loading=\"lazy\" decoding=\"async\" class=\"alignnone wp-image-399 size-medium\" src=\"http:\/\/prest-atlantic.com\/wp-content\/uploads\/2019\/01\/Logo-retenu-300x139.png\" alt=\"\" width=\"300\" height=\"139\" srcset=\"https:\/\/prest-atlantic.com\/wp-content\/uploads\/2019\/01\/Logo-retenu-300x139.png 300w, https:\/\/prest-atlantic.com\/wp-content\/uploads\/2019\/01\/Logo-retenu-768x356.png 768w, https:\/\/prest-atlantic.com\/wp-content\/uploads\/2019\/01\/Logo-retenu-1024x474.png 1024w, https:\/\/prest-atlantic.com\/wp-content\/uploads\/2019\/01\/Logo-retenu-1170x542.png 1170w\" sizes=\"auto, (max-width: 300px) 100vw, 300px\" \/><\/p>\n<h2 style=\"font-weight: 400;\">La Soci\u00e9t\u00e9\u00a0PREST\u2019 ATLANTIC \u00e0 \u00e9t\u00e9 cr\u00e9e en janvier 2018.<\/h2>\n<p style=\"font-weight: 400;\">Nous intervenons dans les domaines de la r\u00e9novation, l\u2019am\u00e9nagement et l\u2019embellissement de l\u2019habitat\u00a0:<\/p>\n<p style=\"font-weight: 400;\">-cr\u00e9ation d\u2019ambiance naturel autour de terrasse bois, enrochement\u2026<\/p>\n<p style=\"font-weight: 400;\">-cl\u00f4ture bois\/m\u00e9tal, b\u00e9ton d\u00e9coratif, alu, panneaux \u00a0grillag\u00e9s, cl\u00f4ture type ranch<\/p>\n<p style=\"font-weight: 400;\">-portail et porte de garage<\/p>\n<p style=\"font-weight: 400;\">-entretien et r\u00e9novation des toitures et fa\u00e7ades<\/p>\n<p style=\"font-weight: 400;\">-peinture int\u00e9rieur et rev\u00eatement de sol souple<\/p>\n<p style=\"font-weight: 400;\">-r\u00e9novation salle de bain<\/p>\n<p>&nbsp;<\/p>\n<p style=\"font-weight: 400;\">Nous sommes \u00e9galement pr\u00e9sent\u00a0:<\/p>\n<p style=\"font-weight: 400;\">-dans l\u2019industrie avec la peinture des bardages m\u00e9talliques en proc\u00e9d\u00e9 AIRMIX<\/p>\n<p style=\"font-weight: 400;\">-dans le domaine de la communication et publicit\u00e9 avec la pose d\u2019enseigne, totem et \u00a0habillage fa\u00e7ades.<\/p>\n<p style=\"font-weight: 400;\">-dans l\u2019agricole avec la r\u00e9novation et la modification des b\u00e2timents d\u2019\u00e9levage.<\/p>\n<\/div><\/div><\/div><\/div><\/div><\/div><\/div>","protected":false},"excerpt":{"rendered":"<p>&nbsp; La Soci\u00e9t\u00e9\u00a0PREST\u2019 ATLANTIC \u00e0 \u00e9t\u00e9 cr\u00e9e en janvier 2018. Nous intervenons dans les domaines de la r\u00e9novation, l\u2019am\u00e9nagement et l\u2019embellissement de l\u2019habitat\u00a0: -cr\u00e9ation d\u2019ambiance naturel autour de terrasse bois, enrochement\u2026 -cl\u00f4ture bois\/m\u00e9tal, b\u00e9ton d\u00e9coratif, alu, panneaux \u00a0grillag\u00e9s, cl\u00f4ture type ranch -portail et porte de garage -entretien et r\u00e9novation des toitures et fa\u00e7ades -peinture int\u00e9rieur [&hellip;]<\/p>\n","protected":false},"author":1,"featured_media":0,"parent":0,"menu_order":0,"comment_status":"closed","ping_status":"closed","template":"template-front-slider.php","meta":{"footnotes":""},"class_list":["post-390","page","type-page","status-publish","hentry"],"jetpack_sharing_enabled":true,"_links":{"self":[{"href":"https:\/\/prest-atlantic.com\/index.php\/wp-json\/wp\/v2\/pages\/390","targetHints":{"allow":["GET"]}}],"collection":[{"href":"https:\/\/prest-atlantic.com\/index.php\/wp-json\/wp\/v2\/pages"}],"about":[{"href":"https:\/\/prest-atlantic.com\/index.php\/wp-json\/wp\/v2\/types\/page"}],"author":[{"embeddable":true,"href":"https:\/\/prest-atlantic.com\/index.php\/wp-json\/wp\/v2\/users\/1"}],"replies":[{"embeddable":true,"href":"https:\/\/prest-atlantic.com\/index.php\/wp-json\/wp\/v2\/comments?post=390"}],"version-history":[{"count":17,"href":"https:\/\/prest-atlantic.com\/index.php\/wp-json\/wp\/v2\/pages\/390\/revisions"}],"predecessor-version":[{"id":1063,"href":"https:\/\/prest-atlantic.com\/index.php\/wp-json\/wp\/v2\/pages\/390\/revisions\/1063"}],"wp:attachment":[{"href":"https:\/\/prest-atlantic.com\/index.php\/wp-json\/wp\/v2\/media?parent=390"}],"curies":[{"name":"wp","href":"https:\/\/api.w.org\/{rel}","templated":true}]}}